{"id":1340,"date":"2018-12-04T15:04:03","date_gmt":"2018-12-04T17:04:03","guid":{"rendered":"http:\/\/editora.ufrrj.br\/?post_type=product&#038;p=1340"},"modified":"2023-07-14T10:17:51","modified_gmt":"2023-07-14T13:17:51","slug":"memorias-e-trajetorias-academicas-o-rural-como-objeto-de-reflexao-e-vida-volume-2","status":"publish","type":"product","link":"https:\/\/editora.ufrrj.br\/portal\/produto\/memorias-e-trajetorias-academicas-o-rural-como-objeto-de-reflexao-e-vida-volume-2\/","title":{"rendered":"Mem\u00f3rias e Trajet\u00f3rias Acad\u00eamicas &#8211; O rural como objeto de reflex\u00e3o e vida &#8211; Volume 2"},"content":{"rendered":"<p><span class=\"s1\">A <\/span>publica\u00e7\u00e3o \u201cMem\u00f3rias e Trajet\u00f3rias Acad\u00eamicas: o rural como objeto de reflex\u00e3o e de vida\u201d \u00e9 fruto da comemora\u00e7\u00e3o dos 40 anos do Programa de P\u00f3s-Gradua\u00e7\u00e3o de Ci\u00eancias Sociais em Desenvolvimento, Agricultura e Sociedade, da Universidade Federal Rural do Rio de Janeiro (CPDA\/UFRRJ). Nesta ocasi\u00e3o professores, alunos(as) e ex-alunos(as) do Programa compuseram a Comiss\u00e3o CPDA 40 Anos que tinha a incumb\u00eancia de organizar e realizar uma s\u00e9rie de atividades, entre 2016 e 2017, em celebra\u00e7\u00e3o aos 40 anos do programa. Essas atividades culminaram na realiza\u00e7\u00e3o do evento \u201cCPDA 40 Anos (1976-2016) &#8211; Di\u00e1logos Multidisciplinares sobre o Rural Contempor\u00e2neo: quest\u00e3o agr\u00e1ria, pol\u00edticas p\u00fablicas e identidades latino-americanas\u201d (Rio de Janeiro, 30 de novembro e 01 e 02 de dezembro de 2016). O conjunto de atividades planejadas visava \u00e0 realiza\u00e7\u00e3o de um balan\u00e7o da trajet\u00f3ria do CPDA, procurando avan\u00e7ar na reflex\u00e3o sobre o seu papel na consolida\u00e7\u00e3o do rural como objeto de reflex\u00e3o das Ci\u00eancias Sociais.<\/p>\n<p class=\"p2\">Organizadoras: Karina Kato, Socorro Lima e Biancca Scarpeline de Castro<\/p>\n<p>ISBN: 978-85-8067-104-9<\/p>\n<p>Ano: 2018<\/p>\n","protected":false},"excerpt":{"rendered":"<p>Organizadoras: Karina Kato, Socorro Lima e Biancca Scarpeline de Castro<\/p>\n","protected":false},"featured_media":1341,"template":"","meta":{"_acf_changed":false},"product_brand":[],"product_cat":[12,13,23,59,22],"product_tag":[],"class_list":{"0":"post-1340","1":"product","2":"type-product","3":"status-publish","4":"has-post-thumbnail","6":"product_cat-administracao","7":"product_cat-agronomia","8":"product_cat-ciencias-sociais-e-politicas","9":"product_cat-ebooks","10":"product_cat-educacao","12":"first","13":"instock","14":"shipping-taxable","15":"purchasable","16":"product-type-variable"},"acf":[],"_links":{"self":[{"href":"https:\/\/editora.ufrrj.br\/portal\/wp-json\/wp\/v2\/product\/1340","targetHints":{"allow":["GET"]}}],"collection":[{"href":"https:\/\/editora.ufrrj.br\/portal\/wp-json\/wp\/v2\/product"}],"about":[{"href":"https:\/\/editora.ufrrj.br\/portal\/wp-json\/wp\/v2\/types\/product"}],"wp:featuredmedia":[{"embeddable":true,"href":"https:\/\/editora.ufrrj.br\/portal\/wp-json\/wp\/v2\/media\/1341"}],"wp:attachment":[{"href":"https:\/\/editora.ufrrj.br\/portal\/wp-json\/wp\/v2\/media?parent=1340"}],"wp:term":[{"taxonomy":"product_brand","embeddable":true,"href":"https:\/\/editora.ufrrj.br\/portal\/wp-json\/wp\/v2\/product_brand?post=1340"},{"taxonomy":"product_cat","embeddable":true,"href":"https:\/\/editora.ufrrj.br\/portal\/wp-json\/wp\/v2\/product_cat?post=1340"},{"taxonomy":"product_tag","embeddable":true,"href":"https:\/\/editora.ufrrj.br\/portal\/wp-json\/wp\/v2\/product_tag?post=1340"}],"curies":[{"name":"wp","href":"https:\/\/api.w.org\/{rel}","templated":true}]}}