{"id":1277,"date":"2018-11-26T11:54:07","date_gmt":"2018-11-26T13:54:07","guid":{"rendered":"http:\/\/editora.ufrrj.br\/?post_type=product&#038;p=1277"},"modified":"2023-07-26T10:17:58","modified_gmt":"2023-07-26T13:17:58","slug":"multiplos-olhares-sobre-as-juventudes","status":"publish","type":"product","link":"https:\/\/editora.ufrrj.br\/portal\/produto\/multiplos-olhares-sobre-as-juventudes\/","title":{"rendered":"M\u00daLTIPLOS OLHARES SOBRE AS JUVENTUDES"},"content":{"rendered":"<p>O livro re\u00fane uma colet\u00e2nea de artigos que discute m\u00faltiplos aspectos das juventudes na contemporaneidade a partir dos eixos educa\u00e7\u00e3o, arte e comunica\u00e7\u00e3o. Estes artigos oferecem um olhar multidisciplinar para um tema no qual os estudos e as pesquisas se caracterizam pela necess\u00e1ria variedade de interesses e abordagens.<\/p>\n<p>Organizadores: Aldo Victorio Filho; Arist\u00f3teles de Paula Berino e Maria da Concei\u00e7\u00e3o Silva Soares<br \/>\nISBN: 978-85-8067-098-1<br \/>\nAno: 2018<\/p>\n","protected":false},"excerpt":{"rendered":"<p>Organizadores: Aldo Victorio Filho; Arist\u00f3teles de Paula Berino e Maria da Concei\u00e7\u00e3o Silva Soares<\/p>\n","protected":false},"featured_media":1280,"template":"","meta":{"_acf_changed":false},"product_brand":[],"product_cat":[23,59,22,17,102],"product_tag":[],"class_list":{"0":"post-1277","1":"product","2":"type-product","3":"status-publish","4":"has-post-thumbnail","6":"product_cat-ciencias-sociais-e-politicas","7":"product_cat-ebooks","8":"product_cat-educacao","9":"product_cat-psicologia","10":"product_cat-serie-instituto-rural","12":"first","13":"instock","14":"shipping-taxable","15":"purchasable","16":"product-type-variable"},"acf":[],"_links":{"self":[{"href":"https:\/\/editora.ufrrj.br\/portal\/wp-json\/wp\/v2\/product\/1277","targetHints":{"allow":["GET"]}}],"collection":[{"href":"https:\/\/editora.ufrrj.br\/portal\/wp-json\/wp\/v2\/product"}],"about":[{"href":"https:\/\/editora.ufrrj.br\/portal\/wp-json\/wp\/v2\/types\/product"}],"wp:featuredmedia":[{"embeddable":true,"href":"https:\/\/editora.ufrrj.br\/portal\/wp-json\/wp\/v2\/media\/1280"}],"wp:attachment":[{"href":"https:\/\/editora.ufrrj.br\/portal\/wp-json\/wp\/v2\/media?parent=1277"}],"wp:term":[{"taxonomy":"product_brand","embeddable":true,"href":"https:\/\/editora.ufrrj.br\/portal\/wp-json\/wp\/v2\/product_brand?post=1277"},{"taxonomy":"product_cat","embeddable":true,"href":"https:\/\/editora.ufrrj.br\/portal\/wp-json\/wp\/v2\/product_cat?post=1277"},{"taxonomy":"product_tag","embeddable":true,"href":"https:\/\/editora.ufrrj.br\/portal\/wp-json\/wp\/v2\/product_tag?post=1277"}],"curies":[{"name":"wp","href":"https:\/\/api.w.org\/{rel}","templated":true}]}}