{"id":1250,"date":"2018-11-07T14:31:06","date_gmt":"2018-11-07T16:31:06","guid":{"rendered":"http:\/\/editora.ufrrj.br\/?post_type=product&#038;p=1250"},"modified":"2023-07-26T09:54:30","modified_gmt":"2023-07-26T12:54:30","slug":"regiao-metropolitana-do-rio-de-janeiro-entre-tensoes-e-desafios","status":"publish","type":"product","link":"https:\/\/editora.ufrrj.br\/portal\/produto\/regiao-metropolitana-do-rio-de-janeiro-entre-tensoes-e-desafios\/","title":{"rendered":"Regi\u00e3o Metropolitana do Rio de Janeiro: entre tens\u00f5es e desafios"},"content":{"rendered":"<p>Este livro \u00e9 composto de sete textos heterog\u00eaneos, marca da multidisciplinaridade proposta pelo GEMULTI-BAIXADA, cuja abordagem contempla um problema recente que mobiliza diversos grupos sociais na Regi\u00e3o Metropolitana, em especial na Baixada Fluminense. Os textos refletem experi\u00eancias multidisciplinares sem a pretens\u00e3o de transform\u00e1-las em transdisciplinares.<\/p>\n<p>O livro come\u00e7ou a ser constru\u00eddo a partir de v\u00e1rios encontros promovidos pelo Grupo de Estudo com pesquisadores que se debru\u00e7am sobre temas que abordam a Baixada. Nesses encontros surgiu a constata\u00e7\u00e3o que a Regi\u00e3o Metropolitana, nos \u00faltimos dez anos, tem passado por um renovado desenvolvimento econ\u00f4mico, trazendo consigo novos desafios. Na leitura dos pesquisadores, aos antigos problemas somaram-se os novos; aos processos de longa dura\u00e7\u00e3o, tais como urbaniza\u00e7\u00e3o sem estrutura urbana, viol\u00eancia e din\u00e2micas sociais de subalterniza\u00e7\u00e3o da regi\u00e3o, incorporaram-se os grandes projetos como o Arco Rodovi\u00e1rio e o COMPERJ, trazendo novas demandas n\u00e3o s\u00f3 em fun\u00e7\u00e3o do crescimento econ\u00f4mico, mas tamb\u00e9m convocando-os a pensarem novas formas de an\u00e1lise dessa nova realidade.<\/p>\n<p>Organizadora: L\u00facia Silva<\/p>\n<p>ISBN: 978-85-8067-101-8<\/p>\n<p>ANO: 2018<\/p>\n","protected":false},"excerpt":{"rendered":"<p>Organizadora: L\u00facia Silva<\/p>\n","protected":false},"featured_media":1252,"template":"","meta":{"_acf_changed":false},"product_brand":[],"product_cat":[59,102],"product_tag":[],"class_list":{"0":"post-1250","1":"product","2":"type-product","3":"status-publish","4":"has-post-thumbnail","6":"product_cat-ebooks","7":"product_cat-serie-instituto-rural","9":"first","10":"instock","11":"shipping-taxable","12":"purchasable","13":"product-type-variable"},"acf":[],"_links":{"self":[{"href":"https:\/\/editora.ufrrj.br\/portal\/wp-json\/wp\/v2\/product\/1250","targetHints":{"allow":["GET"]}}],"collection":[{"href":"https:\/\/editora.ufrrj.br\/portal\/wp-json\/wp\/v2\/product"}],"about":[{"href":"https:\/\/editora.ufrrj.br\/portal\/wp-json\/wp\/v2\/types\/product"}],"wp:featuredmedia":[{"embeddable":true,"href":"https:\/\/editora.ufrrj.br\/portal\/wp-json\/wp\/v2\/media\/1252"}],"wp:attachment":[{"href":"https:\/\/editora.ufrrj.br\/portal\/wp-json\/wp\/v2\/media?parent=1250"}],"wp:term":[{"taxonomy":"product_brand","embeddable":true,"href":"https:\/\/editora.ufrrj.br\/portal\/wp-json\/wp\/v2\/product_brand?post=1250"},{"taxonomy":"product_cat","embeddable":true,"href":"https:\/\/editora.ufrrj.br\/portal\/wp-json\/wp\/v2\/product_cat?post=1250"},{"taxonomy":"product_tag","embeddable":true,"href":"https:\/\/editora.ufrrj.br\/portal\/wp-json\/wp\/v2\/product_tag?post=1250"}],"curies":[{"name":"wp","href":"https:\/\/api.w.org\/{rel}","templated":true}]}}