{"id":1202,"date":"2018-09-24T14:59:54","date_gmt":"2018-09-24T17:59:54","guid":{"rendered":"http:\/\/editora.ufrrj.br\/?post_type=product&#038;p=1202"},"modified":"2023-07-26T09:55:06","modified_gmt":"2023-07-26T12:55:06","slug":"engenharia-madeireira-pesquisa-e-producao","status":"publish","type":"product","link":"https:\/\/editora.ufrrj.br\/portal\/produto\/engenharia-madeireira-pesquisa-e-producao\/","title":{"rendered":"Engenharia MADEIREIRA: pesquisa e produ\u00e7\u00e3o"},"content":{"rendered":"<p>Autores: Fabricio Gomes Gon\u00e7alves; Roberto Carlos Costa Lelis e Wendel Sandro De Paula Andrade<\/p>\n<p>ISBN: 978-85-8067- 089-9<\/p>\n<p>Ano: 2017<\/p>\n","protected":false},"excerpt":{"rendered":"<p>Autores: Fabricio Gomes Gon\u00e7alves; Roberto Carlos Costa Lelis e Wendel Sandro De Paula Andrade<\/p>\n","protected":false},"featured_media":1209,"template":"","meta":{"_acf_changed":false},"product_brand":[],"product_cat":[59,102],"product_tag":[],"class_list":{"0":"post-1202","1":"product","2":"type-product","3":"status-publish","4":"has-post-thumbnail","6":"product_cat-ebooks","7":"product_cat-serie-instituto-rural","8":"product_shipping_class-correios","10":"first","11":"instock","12":"featured","13":"shipping-taxable","14":"purchasable","15":"product-type-variable"},"acf":[],"_links":{"self":[{"href":"https:\/\/editora.ufrrj.br\/portal\/wp-json\/wp\/v2\/product\/1202","targetHints":{"allow":["GET"]}}],"collection":[{"href":"https:\/\/editora.ufrrj.br\/portal\/wp-json\/wp\/v2\/product"}],"about":[{"href":"https:\/\/editora.ufrrj.br\/portal\/wp-json\/wp\/v2\/types\/product"}],"wp:featuredmedia":[{"embeddable":true,"href":"https:\/\/editora.ufrrj.br\/portal\/wp-json\/wp\/v2\/media\/1209"}],"wp:attachment":[{"href":"https:\/\/editora.ufrrj.br\/portal\/wp-json\/wp\/v2\/media?parent=1202"}],"wp:term":[{"taxonomy":"product_brand","embeddable":true,"href":"https:\/\/editora.ufrrj.br\/portal\/wp-json\/wp\/v2\/product_brand?post=1202"},{"taxonomy":"product_cat","embeddable":true,"href":"https:\/\/editora.ufrrj.br\/portal\/wp-json\/wp\/v2\/product_cat?post=1202"},{"taxonomy":"product_tag","embeddable":true,"href":"https:\/\/editora.ufrrj.br\/portal\/wp-json\/wp\/v2\/product_tag?post=1202"}],"curies":[{"name":"wp","href":"https:\/\/api.w.org\/{rel}","templated":true}]}}