{"id":1141,"date":"2018-04-20T15:18:27","date_gmt":"2018-04-20T18:18:27","guid":{"rendered":"http:\/\/editora.ufrrj.br\/?post_type=product&#038;p=1141"},"modified":"2026-02-09T14:39:56","modified_gmt":"2026-02-09T17:39:56","slug":"trilhas-a-construcao-social-e-historica-de-itaguai-e-seropedica-pet-historia-ufrrj","status":"publish","type":"product","link":"https:\/\/editora.ufrrj.br\/portal\/produto\/trilhas-a-construcao-social-e-historica-de-itaguai-e-seropedica-pet-historia-ufrrj\/","title":{"rendered":"Trilhas: a constru\u00e7\u00e3o social e hist\u00f3rica de Itagua\u00ed e Serop\u00e9dica (Pet Hist\u00f3ria, UFRRJ)"},"content":{"rendered":"<p>Este livro comemora os 10 anos do Programa de Educa\u00e7\u00e3o Tutorial de Hist\u00f3ria da Universidade Federal Rural do Rio de Janeiro, o PET-Hist\u00f3ria. Organizado pelas tr\u00eas professoras que exercem a tutoria do grupo nessa d\u00e9cada, o livro, constitu\u00eddo por artigos assinados por quatro gera\u00e7\u00f5es de discentes, \u00e9 fruto de um longo processo de trabalho coletivo em torno de um projeto pedag\u00f3gico em que ensino e pesquisa s\u00e3o indissoci\u00e1veis. A publica\u00e7\u00e3o \u00e9 tamb\u00e9m uma resposta \u00e0 grande demanda por divulga\u00e7\u00e3o do trabalho de pesquisa desenvolvido pelo grupo. Esse rico processo de investiga\u00e7\u00e3o foi possibilitado pelo prof\u00edcuo per\u00edodo de investimentos na universidade p\u00fablica, gratuita e de qualidade desde 2003 e que ganhou for\u00e7a a partir de 2006, com o Reuni, permitindo sua expans\u00e3o e tornando-a mais democr\u00e1tica e inclusiva. Assim, \u00e9 com grande prazer que convidamos leitoras e leitores para caminharem pelas trilhas da hist\u00f3ria de Itagua\u00ed e de Serop\u00e9dica, seguindo os passos do PET-Hist\u00f3ria da UFRRJ.<\/p>\n<p>Organizadores: Fabiane Popinigis, Adriana Barreto de Souza e Margareth de Almeida Gon\u00e7alves<\/p>\n<p>ISBN: 978-85-8067-096-7<\/p>\n<p>Ano, P\u00e1g: 2017, 164p.<\/p>\n","protected":false},"excerpt":{"rendered":"<p>Organizadores: Fabiane Popinigis, Adriana Barreto de Souza e Margareth de Almeida Gon\u00e7alves<\/p>\n","protected":false},"featured_media":1144,"template":"","meta":{"_acf_changed":false},"product_brand":[],"product_cat":[19],"product_tag":[],"class_list":{"0":"post-1141","1":"product","2":"type-product","3":"status-publish","4":"has-post-thumbnail","6":"product_cat-historia","8":"first","9":"instock","10":"sale","11":"shipping-taxable","12":"purchasable","13":"product-type-simple"},"acf":[],"_links":{"self":[{"href":"https:\/\/editora.ufrrj.br\/portal\/wp-json\/wp\/v2\/product\/1141","targetHints":{"allow":["GET"]}}],"collection":[{"href":"https:\/\/editora.ufrrj.br\/portal\/wp-json\/wp\/v2\/product"}],"about":[{"href":"https:\/\/editora.ufrrj.br\/portal\/wp-json\/wp\/v2\/types\/product"}],"wp:featuredmedia":[{"embeddable":true,"href":"https:\/\/editora.ufrrj.br\/portal\/wp-json\/wp\/v2\/media\/1144"}],"wp:attachment":[{"href":"https:\/\/editora.ufrrj.br\/portal\/wp-json\/wp\/v2\/media?parent=1141"}],"wp:term":[{"taxonomy":"product_brand","embeddable":true,"href":"https:\/\/editora.ufrrj.br\/portal\/wp-json\/wp\/v2\/product_brand?post=1141"},{"taxonomy":"product_cat","embeddable":true,"href":"https:\/\/editora.ufrrj.br\/portal\/wp-json\/wp\/v2\/product_cat?post=1141"},{"taxonomy":"product_tag","embeddable":true,"href":"https:\/\/editora.ufrrj.br\/portal\/wp-json\/wp\/v2\/product_tag?post=1141"}],"curies":[{"name":"wp","href":"https:\/\/api.w.org\/{rel}","templated":true}]}}