{"id":1114,"date":"2018-01-23T14:15:22","date_gmt":"2018-01-23T16:15:22","guid":{"rendered":"http:\/\/editora.ufrrj.br\/?post_type=product&#038;p=1114"},"modified":"2023-07-26T09:55:29","modified_gmt":"2023-07-26T12:55:29","slug":"discurso-interacao-e-aprendizagem-matematica-em-ambientes-virtuais-a-distancia","status":"publish","type":"product","link":"https:\/\/editora.ufrrj.br\/portal\/produto\/discurso-interacao-e-aprendizagem-matematica-em-ambientes-virtuais-a-distancia\/","title":{"rendered":"Discurso, intera\u00e7\u00e3o e aprendizagem Matem\u00e1tica em Ambientes Virtuais a Dist\u00e2ncia 2\u00aa ed."},"content":{"rendered":"<p>Neste livro o autor aborda a aprendizagem matem\u00e1tica em ambientes virtuais. Discuss\u00f5es te\u00f3rico-pr\u00e1ticas s\u00e3o feitas ao longo da obra com o objetivo principal de preencher lacunas metodol\u00f3gicas sobre a an\u00e1lise do aprendizado em processos de forma\u00e7\u00e3o a dist\u00e2ncia. Embora os exemplos utilizados pelo pesquisador venham da matem\u00e1tica, o leitor de uma \u00e1rea n\u00e3o afim poder\u00e1 compreender com facilidade o seu prop\u00f3sito. Essa n\u00e3o \u00e9 uma publica\u00e7\u00e3o de interesse somente dos estudiosos do campo de EAD. Sua leitura tamb\u00e9m \u00e9 recomend\u00e1vel ao profissionais preocupados com a inser\u00e7\u00e3o da tecnologia inform\u00e1tica em modelos presenciais de forma\u00e7\u00e3o.<\/p>\n<p>Autor:\u00a0Marcelo Almeida Bairral<\/p>\n<p>ISBN: 978-85-8067-076-9<\/p>\n<p>Ano, P\u00e1g: 2018, 110p.<\/p>\n<p>2\u00aa Edi\u00e7\u00e3o<\/p>\n","protected":false},"excerpt":{"rendered":"<p>Autor:\u00a0Marcelo Almeida Bairral<\/p>\n","protected":false},"featured_media":1115,"template":"","meta":{"_acf_changed":false},"product_brand":[],"product_cat":[22,21,16],"product_tag":[],"class_list":{"0":"post-1114","1":"product","2":"type-product","3":"status-publish","4":"has-post-thumbnail","6":"product_cat-educacao","7":"product_cat-exatas","8":"product_cat-tecnologia","10":"first","11":"instock","12":"sale","13":"shipping-taxable","14":"purchasable","15":"product-type-simple"},"acf":[],"_links":{"self":[{"href":"https:\/\/editora.ufrrj.br\/portal\/wp-json\/wp\/v2\/product\/1114","targetHints":{"allow":["GET"]}}],"collection":[{"href":"https:\/\/editora.ufrrj.br\/portal\/wp-json\/wp\/v2\/product"}],"about":[{"href":"https:\/\/editora.ufrrj.br\/portal\/wp-json\/wp\/v2\/types\/product"}],"wp:featuredmedia":[{"embeddable":true,"href":"https:\/\/editora.ufrrj.br\/portal\/wp-json\/wp\/v2\/media\/1115"}],"wp:attachment":[{"href":"https:\/\/editora.ufrrj.br\/portal\/wp-json\/wp\/v2\/media?parent=1114"}],"wp:term":[{"taxonomy":"product_brand","embeddable":true,"href":"https:\/\/editora.ufrrj.br\/portal\/wp-json\/wp\/v2\/product_brand?post=1114"},{"taxonomy":"product_cat","embeddable":true,"href":"https:\/\/editora.ufrrj.br\/portal\/wp-json\/wp\/v2\/product_cat?post=1114"},{"taxonomy":"product_tag","embeddable":true,"href":"https:\/\/editora.ufrrj.br\/portal\/wp-json\/wp\/v2\/product_tag?post=1114"}],"curies":[{"name":"wp","href":"https:\/\/api.w.org\/{rel}","templated":true}]}}