{"id":1112,"date":"2018-01-23T14:03:54","date_gmt":"2018-01-23T16:03:54","guid":{"rendered":"http:\/\/editora.ufrrj.br\/?post_type=product&#038;p=1112"},"modified":"2023-07-26T09:55:37","modified_gmt":"2023-07-26T12:55:37","slug":"maes-esposas-concubinas-e-prostitutas","status":"publish","type":"product","link":"https:\/\/editora.ufrrj.br\/portal\/produto\/maes-esposas-concubinas-e-prostitutas\/","title":{"rendered":"M\u00e3es, Esposas, Concubinas e Prostitutas"},"content":{"rendered":"<p>Este trabalho tem como perspectiva sistematizar uma s\u00e9rie de elementos hist\u00f3ricos relacionados \u00e0 hist\u00f3ria da mulher e da fam\u00edlia, tendo como pontos de refer\u00eancia, de um lado a maternidade dentro das fam\u00edlias constitu\u00eddas, e de outro a das mulheres fora das fam\u00edlias. Neste sentido o trabalho tem a finalidade did\u00e1tica de servir de apoio aos estudantes que estejam trabalhando este tema e outros conexos. \u00c9 inteiramente baseado em livros j\u00e1 publicados sobre o assunto, n\u00e3o tendo o car\u00e1ter de pesquisa sobre fontes prim\u00e1rias.<\/p>\n<p>A hist\u00f3ria dos movimentos feministas est\u00e1 pontilhada de exemplos que ilustram como, quando a igualdade entre os sexos era colocada sobre a mesa, a maternidade aparecia como um obst\u00e1culo. A fun\u00e7\u00e3o biol\u00f3gica de gerar outros seres parecia prender a mulher \u00e0s leis inexor\u00e1veis da natureza, torn\u00e1-la inapta para al\u00e7ar-se ao n\u00edvel da \u201cciviliza\u00e7\u00e3o\u201d e ser, por excel\u00eancia, o fator diferencial dos sexos. Ing\u00eanuas argumenta\u00e7\u00f5es sobre a falta de incompatibilidade entre o ser m\u00e3e e o ser mulher-cidad\u00e3 alternaram-se, desde o s\u00e9culo XIX, com proposi\u00e7\u00f5es mais radicais. Falar da maternidade como uma escolha consciente, hoje ao alcance de muitas mulheres, \u00e9 fato recent\u00edssimo. Assim, a hist\u00f3ria do sexo feminino \u00e9, em grande medida, a hist\u00f3ria da maternidade que, imposta, transformava-se naturalmente em uma servid\u00e3o.<\/p>\n<p>Autor:\u00a0Angela Mendes de Almeida<\/p>\n<p>ISBN: 978-85-8067-086-8<\/p>\n<p>Ano, P\u00e1g: 2017, 76p.<\/p>\n<p>2\u00aa Edi\u00e7\u00e3o<\/p>\n","protected":false},"excerpt":{"rendered":"<p>Autor:\u00a0Angela Mendes de Almeida<\/p>\n","protected":false},"featured_media":1113,"template":"","meta":{"_acf_changed":false},"product_brand":[],"product_cat":[23,22,53],"product_tag":[],"class_list":{"0":"post-1112","1":"product","2":"type-product","3":"status-publish","4":"has-post-thumbnail","6":"product_cat-ciencias-sociais-e-politicas","7":"product_cat-educacao","8":"product_cat-literatura-area","10":"first","11":"instock","12":"sale","13":"shipping-taxable","14":"purchasable","15":"product-type-simple"},"acf":[],"_links":{"self":[{"href":"https:\/\/editora.ufrrj.br\/portal\/wp-json\/wp\/v2\/product\/1112","targetHints":{"allow":["GET"]}}],"collection":[{"href":"https:\/\/editora.ufrrj.br\/portal\/wp-json\/wp\/v2\/product"}],"about":[{"href":"https:\/\/editora.ufrrj.br\/portal\/wp-json\/wp\/v2\/types\/product"}],"wp:featuredmedia":[{"embeddable":true,"href":"https:\/\/editora.ufrrj.br\/portal\/wp-json\/wp\/v2\/media\/1113"}],"wp:attachment":[{"href":"https:\/\/editora.ufrrj.br\/portal\/wp-json\/wp\/v2\/media?parent=1112"}],"wp:term":[{"taxonomy":"product_brand","embeddable":true,"href":"https:\/\/editora.ufrrj.br\/portal\/wp-json\/wp\/v2\/product_brand?post=1112"},{"taxonomy":"product_cat","embeddable":true,"href":"https:\/\/editora.ufrrj.br\/portal\/wp-json\/wp\/v2\/product_cat?post=1112"},{"taxonomy":"product_tag","embeddable":true,"href":"https:\/\/editora.ufrrj.br\/portal\/wp-json\/wp\/v2\/product_tag?post=1112"}],"curies":[{"name":"wp","href":"https:\/\/api.w.org\/{rel}","templated":true}]}}