{"id":7942,"date":"2025-11-05T13:59:50","date_gmt":"2025-11-05T16:59:50","guid":{"rendered":"https:\/\/editoradev.ufrrj.br\/portal\/?page_id=7942"},"modified":"2025-11-05T13:59:50","modified_gmt":"2025-11-05T16:59:50","slug":"teste","status":"publish","type":"page","link":"https:\/\/editora.ufrrj.br\/portal\/teste\/","title":{"rendered":"Teste"},"content":{"rendered":"\n<div class=\"wp-block-columns is-layout-flex wp-container-core-columns-is-layout-28f84493 wp-block-columns-is-layout-flex\">\n<div class=\"wp-block-column is-layout-flow wp-block-column-is-layout-flow\">\n<h2 class=\"wp-block-heading\">Coordena\u00e7\u00e3o, Prepara\u00e7\u00e3o de Originais e Supervis\u00e3o de Revis\u00e3o Textual<\/h2>\n\n\n\n<div class=\"wp-block-media-text is-stacked-on-mobile\" style=\"grid-template-columns:30% auto\"><figure class=\"wp-block-media-text__media\"><img decoding=\"async\" width=\"150\" height=\"150\" src=\"https:\/\/editora.ufrrj.br\/portal\/wp-content\/uploads\/2023\/08\/wallace-150x150.jpeg\" alt=\"\" class=\"wp-image-6357 size-thumbnail\" srcset=\"https:\/\/editora.ufrrj.br\/portal\/wp-content\/uploads\/2023\/08\/wallace-150x150.jpeg 150w, https:\/\/editora.ufrrj.br\/portal\/wp-content\/uploads\/2023\/08\/elementor\/thumbs\/wallace-re7lrmguqhg6ydwrwfzb6kloqw9db2fcrfrkvhljvs.jpeg 100w, https:\/\/editora.ufrrj.br\/portal\/wp-content\/uploads\/2023\/08\/wallace-300x300.jpeg 300w, https:\/\/editora.ufrrj.br\/portal\/wp-content\/uploads\/2023\/08\/elementor\/thumbs\/wallace-re7lrmguz97h9zjis85jlsdcyd3p1f2hxsom3rozw0.jpeg 120w, https:\/\/editora.ufrrj.br\/portal\/wp-content\/uploads\/2023\/08\/elementor\/thumbs\/wallace-re7lrmguhpowmsa10nt2rcu0jff1kps7l2ujn7i3vk.jpeg 80w\" sizes=\"(max-width: 150px) 100vw, 150px\" \/><\/figure><div class=\"wp-block-media-text__content\">\n<p>Wallace Lucas Magalh\u00e3es<\/p>\n<\/div><\/div>\n<\/div>\n\n\n\n<div class=\"wp-block-column is-layout-flow wp-block-column-is-layout-flow\">\n<h2 class=\"wp-block-heading\">Secretaria<\/h2>\n\n\n\n<div class=\"wp-block-media-text is-stacked-on-mobile\" style=\"grid-template-columns:30% auto\"><figure class=\"wp-block-media-text__media\"><img decoding=\"async\" width=\"150\" height=\"150\" src=\"https:\/\/editora.ufrrj.br\/portal\/wp-content\/uploads\/2023\/08\/wallace-150x150.jpeg\" alt=\"\" class=\"wp-image-6357 size-thumbnail\" srcset=\"https:\/\/editora.ufrrj.br\/portal\/wp-content\/uploads\/2023\/08\/wallace-150x150.jpeg 150w, https:\/\/editora.ufrrj.br\/portal\/wp-content\/uploads\/2023\/08\/elementor\/thumbs\/wallace-re7lrmguqhg6ydwrwfzb6kloqw9db2fcrfrkvhljvs.jpeg 100w, https:\/\/editora.ufrrj.br\/portal\/wp-content\/uploads\/2023\/08\/wallace-300x300.jpeg 300w, https:\/\/editora.ufrrj.br\/portal\/wp-content\/uploads\/2023\/08\/elementor\/thumbs\/wallace-re7lrmguz97h9zjis85jlsdcyd3p1f2hxsom3rozw0.jpeg 120w, https:\/\/editora.ufrrj.br\/portal\/wp-content\/uploads\/2023\/08\/elementor\/thumbs\/wallace-re7lrmguhpowmsa10nt2rcu0jff1kps7l2ujn7i3vk.jpeg 80w\" sizes=\"(max-width: 150px) 100vw, 150px\" \/><\/figure><div class=\"wp-block-media-text__content\">\n<p>Wallace Lucas Magalh\u00e3es<\/p>\n<\/div><\/div>\n<\/div>\n<\/div>\n","protected":false},"excerpt":{"rendered":"<p>Coordena\u00e7\u00e3o, Prepara\u00e7\u00e3o de Originais e Supervis\u00e3o de Revis\u00e3o Textual Wallace Lucas Magalh\u00e3es Secretaria Wallace Lucas Magalh\u00e3es<\/p>\n","protected":false},"author":3,"featured_media":0,"parent":0,"menu_order":0,"comment_status":"closed","ping_status":"closed","template":"","meta":{"_acf_changed":false,"footnotes":""},"class_list":["post-7942","page","type-page","status-publish","hentry"],"acf":[],"_links":{"self":[{"href":"https:\/\/editora.ufrrj.br\/portal\/wp-json\/wp\/v2\/pages\/7942","targetHints":{"allow":["GET"]}}],"collection":[{"href":"https:\/\/editora.ufrrj.br\/portal\/wp-json\/wp\/v2\/pages"}],"about":[{"href":"https:\/\/editora.ufrrj.br\/portal\/wp-json\/wp\/v2\/types\/page"}],"author":[{"embeddable":true,"href":"https:\/\/editora.ufrrj.br\/portal\/wp-json\/wp\/v2\/users\/3"}],"replies":[{"embeddable":true,"href":"https:\/\/editora.ufrrj.br\/portal\/wp-json\/wp\/v2\/comments?post=7942"}],"version-history":[{"count":0,"href":"https:\/\/editora.ufrrj.br\/portal\/wp-json\/wp\/v2\/pages\/7942\/revisions"}],"wp:attachment":[{"href":"https:\/\/editora.ufrrj.br\/portal\/wp-json\/wp\/v2\/media?parent=7942"}],"curies":[{"name":"wp","href":"https:\/\/api.w.org\/{rel}","templated":true}]}}