{"id":6361,"date":"2023-09-01T10:50:41","date_gmt":"2023-09-01T13:50:41","guid":{"rendered":"https:\/\/editora.ufrrj.br\/portal\/?page_id=6361"},"modified":"2025-11-05T13:40:01","modified_gmt":"2025-11-05T16:40:01","slug":"conselho-editorial","status":"publish","type":"page","link":"https:\/\/editora.ufrrj.br\/portal\/conselho-editorial\/","title":{"rendered":"Conselho Editorial"},"content":{"rendered":"\n<h2 class=\"wp-block-heading\">Coordenador do Conselho Editorial<\/h2>\n\n\n\n<p>Rodrigo de Sousa Gon\u00e7alves<\/p>\n\n\n\n<h2 class=\"wp-block-heading\">Membros<\/h2>\n\n\n\n<p>Aparecida Maria Abranches<br>Cl\u00e1udia Bezerra da Silva<br>Fabiane Frota da Rocha Morgado<br>F\u00e1bio Koifman<br>Karina Yoshie Martins Kato<br>Kelly Maia Cordeiro<br>M\u00e1rcio Rufino Silva<br>Marisa Fernandes Mendes<\/p>\n","protected":false},"excerpt":{"rendered":"<p>Coordenador do Conselho Editorial Rodrigo de Sousa Gon\u00e7alves Membros Aparecida Maria AbranchesCl\u00e1udia Bezerra da SilvaFabiane Frota da Rocha MorgadoF\u00e1bio KoifmanKarina Yoshie Martins KatoKelly Maia CordeiroM\u00e1rcio Rufino SilvaMarisa Fernandes Mendes<\/p>\n","protected":false},"author":3,"featured_media":0,"parent":0,"menu_order":0,"comment_status":"closed","ping_status":"closed","template":"template-fullwidth.php","meta":{"_acf_changed":false,"footnotes":""},"class_list":["post-6361","page","type-page","status-publish","hentry"],"acf":[],"_links":{"self":[{"href":"https:\/\/editora.ufrrj.br\/portal\/wp-json\/wp\/v2\/pages\/6361","targetHints":{"allow":["GET"]}}],"collection":[{"href":"https:\/\/editora.ufrrj.br\/portal\/wp-json\/wp\/v2\/pages"}],"about":[{"href":"https:\/\/editora.ufrrj.br\/portal\/wp-json\/wp\/v2\/types\/page"}],"author":[{"embeddable":true,"href":"https:\/\/editora.ufrrj.br\/portal\/wp-json\/wp\/v2\/users\/3"}],"replies":[{"embeddable":true,"href":"https:\/\/editora.ufrrj.br\/portal\/wp-json\/wp\/v2\/comments?post=6361"}],"version-history":[{"count":0,"href":"https:\/\/editora.ufrrj.br\/portal\/wp-json\/wp\/v2\/pages\/6361\/revisions"}],"wp:attachment":[{"href":"https:\/\/editora.ufrrj.br\/portal\/wp-json\/wp\/v2\/media?parent=6361"}],"curies":[{"name":"wp","href":"https:\/\/api.w.org\/{rel}","templated":true}]}}