{"id":43,"date":"2016-03-24T12:39:35","date_gmt":"2016-03-24T12:39:35","guid":{"rendered":"http:\/\/editora.ufrrj.br\/?page_id=43"},"modified":"2025-12-03T14:31:18","modified_gmt":"2025-12-03T17:31:18","slug":"equipe","status":"publish","type":"page","link":"https:\/\/editora.ufrrj.br\/portal\/equipe\/","title":{"rendered":"Equipe"},"content":{"rendered":"\t\t<div data-elementor-type=\"wp-page\" data-elementor-id=\"43\" class=\"elementor elementor-43\">\n\t\t\t\t<div class=\"elementor-element elementor-element-39f8d1a e-flex e-con-boxed e-con e-parent\" data-id=\"39f8d1a\" data-element_type=\"container\" id=\"contact\">\n\t\t\t\t\t<div class=\"e-con-inner\">\n\t\t<div class=\"elementor-element elementor-element-1f9cd0b e-con-full e-flex e-con e-child\" data-id=\"1f9cd0b\" data-element_type=\"container\" data-settings=\"{&quot;background_background&quot;:&quot;classic&quot;}\">\n\t\t<div class=\"elementor-element elementor-element-babbef5 e-con-full e-flex elementor-invisible e-con e-child\" data-id=\"babbef5\" data-element_type=\"container\" data-settings=\"{&quot;animation&quot;:&quot;fadeInUp&quot;,&quot;animation_delay&quot;:30}\">\n\t\t<div class=\"elementor-element elementor-element-b37fa87 e-con-full e-flex e-con e-child\" data-id=\"b37fa87\" data-element_type=\"container\">\n\t\t\t\t<div class=\"elementor-element elementor-element-4b3a846 elementor-widget elementor-widget-heading\" data-id=\"4b3a846\" data-element_type=\"widget\" data-widget_type=\"heading.default\">\n\t\t\t\t<div class=\"elementor-widget-container\">\n\t\t\t\t\t<h2 class=\"elementor-heading-title elementor-size-default\">Coordena\u00e7\u00e3o, Prepara\u00e7\u00e3o de Originais e Supervis\u00e3o de Revis\u00e3o Textual<\/h2>\t\t\t\t<\/div>\n\t\t\t\t<\/div>\n\t\t\t\t<div class=\"elementor-element elementor-element-c102d19 elementor-position-left elementor-vertical-align-middle elementor-widget elementor-widget-image-box\" data-id=\"c102d19\" data-element_type=\"widget\" data-widget_type=\"image-box.default\">\n\t\t\t\t<div class=\"elementor-widget-container\">\n\t\t\t\t\t<div class=\"elementor-image-box-wrapper\"><figure class=\"elementor-image-box-img\"><img decoding=\"async\" width=\"150\" height=\"150\" src=\"https:\/\/editora.ufrrj.br\/portal\/wp-content\/uploads\/2023\/08\/wallace-150x150.jpeg\" class=\"attachment-thumbnail size-thumbnail wp-image-6357\" alt=\"\" srcset=\"https:\/\/editora.ufrrj.br\/portal\/wp-content\/uploads\/2023\/08\/wallace-150x150.jpeg 150w, https:\/\/editora.ufrrj.br\/portal\/wp-content\/uploads\/2023\/08\/elementor\/thumbs\/wallace-re7lrmguqhg6ydwrwfzb6kloqw9db2fcrfrkvhljvs.jpeg 100w, https:\/\/editora.ufrrj.br\/portal\/wp-content\/uploads\/2023\/08\/wallace-300x300.jpeg 300w, https:\/\/editora.ufrrj.br\/portal\/wp-content\/uploads\/2023\/08\/elementor\/thumbs\/wallace-re7lrmguz97h9zjis85jlsdcyd3p1f2hxsom3rozw0.jpeg 120w, https:\/\/editora.ufrrj.br\/portal\/wp-content\/uploads\/2023\/08\/elementor\/thumbs\/wallace-re7lrmguhpowmsa10nt2rcu0jff1kps7l2ujn7i3vk.jpeg 80w\" sizes=\"(max-width: 150px) 100vw, 150px\" \/><\/figure><div class=\"elementor-image-box-content\"><h3 class=\"elementor-image-box-title\">Wallace Lucas Magalh\u00e3es<\/h3><\/div><\/div>\t\t\t\t<\/div>\n\t\t\t\t<\/div>\n\t\t\t\t<\/div>\n\t\t<div class=\"elementor-element elementor-element-593fd33 e-con-full e-flex e-con e-child\" data-id=\"593fd33\" data-element_type=\"container\">\n\t\t\t\t<div class=\"elementor-element elementor-element-6205f50 elementor-widget elementor-widget-heading\" data-id=\"6205f50\" data-element_type=\"widget\" data-widget_type=\"heading.default\">\n\t\t\t\t<div class=\"elementor-widget-container\">\n\t\t\t\t\t<h2 class=\"elementor-heading-title elementor-size-default\">Coordena\u00e7\u00e3o, Prepara\u00e7\u00e3o de Originais e Supervis\u00e3o de Revis\u00e3o Textual<\/h2>\t\t\t\t<\/div>\n\t\t\t\t<\/div>\n\t\t\t\t<div class=\"elementor-element elementor-element-423f7ad elementor-position-left elementor-vertical-align-middle elementor-widget elementor-widget-image-box\" data-id=\"423f7ad\" data-element_type=\"widget\" data-widget_type=\"image-box.default\">\n\t\t\t\t<div class=\"elementor-widget-container\">\n\t\t\t\t\t<div class=\"elementor-image-box-wrapper\"><figure class=\"elementor-image-box-img\"><img decoding=\"async\" width=\"150\" height=\"150\" src=\"https:\/\/editora.ufrrj.br\/portal\/wp-content\/uploads\/2023\/08\/Mariangela-Dias-150x150.jpeg\" class=\"attachment-thumbnail size-thumbnail wp-image-6336\" alt=\"\" srcset=\"https:\/\/editora.ufrrj.br\/portal\/wp-content\/uploads\/2023\/08\/Mariangela-Dias-150x150.jpeg 150w, https:\/\/editora.ufrrj.br\/portal\/wp-content\/uploads\/2023\/08\/Mariangela-Dias-100x100.jpeg 100w, https:\/\/editora.ufrrj.br\/portal\/wp-content\/uploads\/2023\/08\/Mariangela-Dias-300x300.jpeg 300w\" sizes=\"(max-width: 150px) 100vw, 150px\" \/><\/figure><div class=\"elementor-image-box-content\"><h3 class=\"elementor-image-box-title\">Mariangela Dias<\/h3><\/div><\/div>\t\t\t\t<\/div>\n\t\t\t\t<\/div>\n\t\t\t\t<\/div>\n\t\t\t\t<\/div>\n\t\t\t\t<div class=\"elementor-element elementor-element-9ba73fd elementor-widget-divider--view-line elementor-widget elementor-widget-divider\" data-id=\"9ba73fd\" data-element_type=\"widget\" data-widget_type=\"divider.default\">\n\t\t\t\t<div class=\"elementor-widget-container\">\n\t\t\t\t\t\t\t<div class=\"elementor-divider\">\n\t\t\t<span class=\"elementor-divider-separator\">\n\t\t\t\t\t\t<\/span>\n\t\t<\/div>\n\t\t\t\t\t\t<\/div>\n\t\t\t\t<\/div>\n\t\t<div class=\"elementor-element elementor-element-edbceb6 e-con-full e-flex elementor-invisible e-con e-child\" data-id=\"edbceb6\" data-element_type=\"container\" data-settings=\"{&quot;animation&quot;:&quot;fadeInUp&quot;,&quot;animation_delay&quot;:30}\">\n\t\t<div class=\"elementor-element elementor-element-3ddef81 e-con-full e-flex e-con e-child\" data-id=\"3ddef81\" data-element_type=\"container\">\n\t\t\t\t<div class=\"elementor-element elementor-element-7f9acfb elementor-widget elementor-widget-heading\" data-id=\"7f9acfb\" data-element_type=\"widget\" data-widget_type=\"heading.default\">\n\t\t\t\t<div class=\"elementor-widget-container\">\n\t\t\t\t\t<h2 class=\"elementor-heading-title elementor-size-default\">Programa\u00e7\u00e3o Visual e Dire\u00e7\u00e3o de Arte<\/h2>\t\t\t\t<\/div>\n\t\t\t\t<\/div>\n\t\t\t\t<div class=\"elementor-element elementor-element-340ab5b elementor-position-left elementor-vertical-align-middle elementor-widget elementor-widget-image-box\" data-id=\"340ab5b\" data-element_type=\"widget\" data-widget_type=\"image-box.default\">\n\t\t\t\t<div class=\"elementor-widget-container\">\n\t\t\t\t\t<div class=\"elementor-image-box-wrapper\"><figure class=\"elementor-image-box-img\"><img decoding=\"async\" width=\"150\" height=\"136\" src=\"https:\/\/editora.ufrrj.br\/portal\/wp-content\/uploads\/2025\/11\/user.png\" class=\"attachment-thumbnail size-thumbnail wp-image-7968\" alt=\"\" \/><\/figure><div class=\"elementor-image-box-content\"><h3 class=\"elementor-image-box-title\">Theo Moraes<\/h3><\/div><\/div>\t\t\t\t<\/div>\n\t\t\t\t<\/div>\n\t\t\t\t<\/div>\n\t\t<div class=\"elementor-element elementor-element-c759b10 e-con-full e-flex e-con e-child\" data-id=\"c759b10\" data-element_type=\"container\">\n\t\t\t\t<div class=\"elementor-element elementor-element-bc32045 elementor-widget elementor-widget-heading\" data-id=\"bc32045\" data-element_type=\"widget\" data-widget_type=\"heading.default\">\n\t\t\t\t<div class=\"elementor-widget-container\">\n\t\t\t\t\t<h2 class=\"elementor-heading-title elementor-size-default\">Residente em Inicia\u00e7\u00e3o Profissional<\/h2>\t\t\t\t<\/div>\n\t\t\t\t<\/div>\n\t\t\t\t<div class=\"elementor-element elementor-element-28fbbd6 elementor-position-left elementor-vertical-align-middle elementor-widget elementor-widget-image-box\" data-id=\"28fbbd6\" data-element_type=\"widget\" data-widget_type=\"image-box.default\">\n\t\t\t\t<div class=\"elementor-widget-container\">\n\t\t\t\t\t<div class=\"elementor-image-box-wrapper\"><figure class=\"elementor-image-box-img\"><img decoding=\"async\" width=\"150\" height=\"136\" src=\"https:\/\/editora.ufrrj.br\/portal\/wp-content\/uploads\/2025\/11\/user.png\" class=\"attachment-thumbnail size-thumbnail wp-image-7968\" alt=\"\" \/><\/figure><div class=\"elementor-image-box-content\"><h3 class=\"elementor-image-box-title\">Jo\u00e3o Paulo de Abreu Almeida Costa e P\u00f3voa<\/h3><\/div><\/div>\t\t\t\t<\/div>\n\t\t\t\t<\/div>\n\t\t\t\t<\/div>\n\t\t\t\t<\/div>\n\t\t\t\t<div class=\"elementor-element elementor-element-195e42b elementor-widget-divider--view-line elementor-widget elementor-widget-divider\" data-id=\"195e42b\" data-element_type=\"widget\" data-widget_type=\"divider.default\">\n\t\t\t\t<div class=\"elementor-widget-container\">\n\t\t\t\t\t\t\t<div class=\"elementor-divider\">\n\t\t\t<span class=\"elementor-divider-separator\">\n\t\t\t\t\t\t<\/span>\n\t\t<\/div>\n\t\t\t\t\t\t<\/div>\n\t\t\t\t<\/div>\n\t\t<div class=\"elementor-element elementor-element-d7511e3 e-con-full e-flex elementor-invisible e-con e-child\" data-id=\"d7511e3\" data-element_type=\"container\" data-settings=\"{&quot;animation&quot;:&quot;fadeInUp&quot;,&quot;animation_delay&quot;:30}\">\n\t\t<div class=\"elementor-element elementor-element-30e4d38 e-con-full e-flex e-con e-child\" data-id=\"30e4d38\" data-element_type=\"container\">\n\t\t\t\t<div class=\"elementor-element elementor-element-57e4a38 elementor-widget elementor-widget-heading\" data-id=\"57e4a38\" data-element_type=\"widget\" data-widget_type=\"heading.default\">\n\t\t\t\t<div class=\"elementor-widget-container\">\n\t\t\t\t\t<h2 class=\"elementor-heading-title elementor-size-default\">Marketing Digital e Revis\u00e3o Textual\n<\/h2>\t\t\t\t<\/div>\n\t\t\t\t<\/div>\n\t\t\t\t<div class=\"elementor-element elementor-element-ebb6688 elementor-position-left elementor-vertical-align-middle elementor-widget elementor-widget-image-box\" data-id=\"ebb6688\" data-element_type=\"widget\" data-widget_type=\"image-box.default\">\n\t\t\t\t<div class=\"elementor-widget-container\">\n\t\t\t\t\t<div class=\"elementor-image-box-wrapper\"><figure class=\"elementor-image-box-img\"><img decoding=\"async\" width=\"150\" height=\"136\" src=\"https:\/\/editora.ufrrj.br\/portal\/wp-content\/uploads\/2025\/11\/user.png\" class=\"attachment-thumbnail size-thumbnail wp-image-7968\" alt=\"\" \/><\/figure><div class=\"elementor-image-box-content\"><h3 class=\"elementor-image-box-title\">Gian Lucas Mendon\u00e7a Silva<\/h3><\/div><\/div>\t\t\t\t<\/div>\n\t\t\t\t<\/div>\n\t\t\t\t<\/div>\n\t\t<div class=\"elementor-element elementor-element-0f9ba93 e-con-full e-flex e-con e-child\" data-id=\"0f9ba93\" data-element_type=\"container\">\n\t\t\t\t<div class=\"elementor-element elementor-element-c71f272 elementor-widget elementor-widget-heading\" data-id=\"c71f272\" data-element_type=\"widget\" data-widget_type=\"heading.default\">\n\t\t\t\t<div class=\"elementor-widget-container\">\n\t\t\t\t\t<h2 class=\"elementor-heading-title elementor-size-default\">Diagrama\u00e7\u00e3o e Ilustra\u00e7\u00e3o\n<\/h2>\t\t\t\t<\/div>\n\t\t\t\t<\/div>\n\t\t\t\t<div class=\"elementor-element elementor-element-a1e13cd elementor-position-left elementor-vertical-align-middle elementor-widget elementor-widget-image-box\" data-id=\"a1e13cd\" data-element_type=\"widget\" data-widget_type=\"image-box.default\">\n\t\t\t\t<div class=\"elementor-widget-container\">\n\t\t\t\t\t<div class=\"elementor-image-box-wrapper\"><figure class=\"elementor-image-box-img\"><img loading=\"lazy\" decoding=\"async\" width=\"150\" height=\"150\" src=\"https:\/\/editora.ufrrj.br\/portal\/wp-content\/uploads\/2023\/08\/Dandara-Pereira-150x150.jpeg\" class=\"attachment-thumbnail size-thumbnail wp-image-6337\" alt=\"\" srcset=\"https:\/\/editora.ufrrj.br\/portal\/wp-content\/uploads\/2023\/08\/Dandara-Pereira-150x150.jpeg 150w, https:\/\/editora.ufrrj.br\/portal\/wp-content\/uploads\/2023\/08\/Dandara-Pereira-100x100.jpeg 100w, https:\/\/editora.ufrrj.br\/portal\/wp-content\/uploads\/2023\/08\/Dandara-Pereira-300x300.jpeg 300w, https:\/\/editora.ufrrj.br\/portal\/wp-content\/uploads\/2023\/08\/Dandara-Pereira-768x768.jpeg 768w\" sizes=\"(max-width: 150px) 100vw, 150px\" \/><\/figure><div class=\"elementor-image-box-content\"><h3 class=\"elementor-image-box-title\">Dandara Pereira<\/h3><\/div><\/div>\t\t\t\t<\/div>\n\t\t\t\t<\/div>\n\t\t\t\t<div class=\"elementor-element elementor-element-0b48ad6 elementor-position-left elementor-vertical-align-middle elementor-widget elementor-widget-image-box\" data-id=\"0b48ad6\" data-element_type=\"widget\" data-widget_type=\"image-box.default\">\n\t\t\t\t<div class=\"elementor-widget-container\">\n\t\t\t\t\t<div class=\"elementor-image-box-wrapper\"><figure class=\"elementor-image-box-img\"><img loading=\"lazy\" decoding=\"async\" width=\"150\" height=\"150\" src=\"https:\/\/editora.ufrrj.br\/portal\/wp-content\/uploads\/2023\/08\/Ellen-Medina-de-Medeiros-150x150.jpeg\" class=\"attachment-thumbnail size-thumbnail wp-image-6338\" alt=\"\" srcset=\"https:\/\/editora.ufrrj.br\/portal\/wp-content\/uploads\/2023\/08\/Ellen-Medina-de-Medeiros-150x150.jpeg 150w, https:\/\/editora.ufrrj.br\/portal\/wp-content\/uploads\/2023\/08\/Ellen-Medina-de-Medeiros-100x100.jpeg 100w, https:\/\/editora.ufrrj.br\/portal\/wp-content\/uploads\/2023\/08\/Ellen-Medina-de-Medeiros-300x300.jpeg 300w, https:\/\/editora.ufrrj.br\/portal\/wp-content\/uploads\/2023\/08\/Ellen-Medina-de-Medeiros-768x768.jpeg 768w\" sizes=\"(max-width: 150px) 100vw, 150px\" \/><\/figure><div class=\"elementor-image-box-content\"><h3 class=\"elementor-image-box-title\">\u00c9llen Medina de Medeiros<\/h3><\/div><\/div>\t\t\t\t<\/div>\n\t\t\t\t<\/div>\n\t\t\t\t<\/div>\n\t\t\t\t<\/div>\n\t\t\t\t<div class=\"elementor-element elementor-element-0432aa4 elementor-widget-divider--view-line elementor-widget elementor-widget-divider\" data-id=\"0432aa4\" data-element_type=\"widget\" data-widget_type=\"divider.default\">\n\t\t\t\t<div class=\"elementor-widget-container\">\n\t\t\t\t\t\t\t<div class=\"elementor-divider\">\n\t\t\t<span class=\"elementor-divider-separator\">\n\t\t\t\t\t\t<\/span>\n\t\t<\/div>\n\t\t\t\t\t\t<\/div>\n\t\t\t\t<\/div>\n\t\t<div class=\"elementor-element elementor-element-fbb9a83 e-con-full e-flex elementor-invisible e-con e-child\" data-id=\"fbb9a83\" data-element_type=\"container\" data-settings=\"{&quot;animation&quot;:&quot;fadeInUp&quot;,&quot;animation_delay&quot;:30}\">\n\t\t<div class=\"elementor-element elementor-element-ca40905 e-con-full e-flex e-con e-child\" data-id=\"ca40905\" data-element_type=\"container\">\n\t\t\t\t<div class=\"elementor-element elementor-element-6f25910 elementor-widget elementor-widget-heading\" data-id=\"6f25910\" data-element_type=\"widget\" data-widget_type=\"heading.default\">\n\t\t\t\t<div class=\"elementor-widget-container\">\n\t\t\t\t\t<h2 class=\"elementor-heading-title elementor-size-default\">Revis\u00e3o Textual\n<\/h2>\t\t\t\t<\/div>\n\t\t\t\t<\/div>\n\t\t\t\t<div class=\"elementor-element elementor-element-9aaed59 elementor-position-left elementor-vertical-align-middle elementor-widget elementor-widget-image-box\" data-id=\"9aaed59\" data-element_type=\"widget\" data-widget_type=\"image-box.default\">\n\t\t\t\t<div class=\"elementor-widget-container\">\n\t\t\t\t\t<div class=\"elementor-image-box-wrapper\"><figure class=\"elementor-image-box-img\"><img loading=\"lazy\" decoding=\"async\" width=\"150\" height=\"150\" src=\"https:\/\/editora.ufrrj.br\/portal\/wp-content\/uploads\/2023\/08\/Pamela-Reis-150x150.jpeg\" class=\"attachment-thumbnail size-thumbnail wp-image-6339\" alt=\"\" srcset=\"https:\/\/editora.ufrrj.br\/portal\/wp-content\/uploads\/2023\/08\/Pamela-Reis-150x150.jpeg 150w, https:\/\/editora.ufrrj.br\/portal\/wp-content\/uploads\/2023\/08\/Pamela-Reis-100x100.jpeg 100w, https:\/\/editora.ufrrj.br\/portal\/wp-content\/uploads\/2023\/08\/Pamela-Reis-416x416.jpeg 416w, https:\/\/editora.ufrrj.br\/portal\/wp-content\/uploads\/2023\/08\/Pamela-Reis-300x300.jpeg 300w, https:\/\/editora.ufrrj.br\/portal\/wp-content\/uploads\/2023\/08\/Pamela-Reis-1024x1024.jpeg 1024w, https:\/\/editora.ufrrj.br\/portal\/wp-content\/uploads\/2023\/08\/Pamela-Reis-768x768.jpeg 768w, https:\/\/editora.ufrrj.br\/portal\/wp-content\/uploads\/2023\/08\/Pamela-Reis-1536x1536.jpeg 1536w, https:\/\/editora.ufrrj.br\/portal\/wp-content\/uploads\/2023\/08\/Pamela-Reis.jpeg 1600w\" sizes=\"(max-width: 150px) 100vw, 150px\" \/><\/figure><div class=\"elementor-image-box-content\"><h3 class=\"elementor-image-box-title\">Pamela Reis<\/h3><\/div><\/div>\t\t\t\t<\/div>\n\t\t\t\t<\/div>\n\t\t\t\t<\/div>\n\t\t<div class=\"elementor-element elementor-element-d1fc7f3 e-con-full e-flex e-con e-child\" data-id=\"d1fc7f3\" data-element_type=\"container\">\n\t\t\t\t<\/div>\n\t\t\t\t<\/div>\n\t\t\t\t<\/div>\n\t\t\t\t\t<\/div>\n\t\t\t\t<\/div>\n\t\t\t\t<\/div>\n\t\t","protected":false},"excerpt":{"rendered":"<p>Coordena\u00e7\u00e3o, Prepara\u00e7\u00e3o de Originais e Supervis\u00e3o de Revis\u00e3o Textual Wallace Lucas Magalh\u00e3es Coordena\u00e7\u00e3o, Prepara\u00e7\u00e3o de Originais e Supervis\u00e3o de Revis\u00e3o Textual Mariangela Dias Programa\u00e7\u00e3o Visual e Dire\u00e7\u00e3o de Arte Theo Moraes Residente em Inicia\u00e7\u00e3o Profissional Jo\u00e3o Paulo de Abreu Almeida Costa e P\u00f3voa Marketing Digital e Revis\u00e3o Textual Gian Lucas Mendon\u00e7a Silva Diagrama\u00e7\u00e3o e Ilustra\u00e7\u00e3o [&hellip;]<\/p>\n","protected":false},"author":339,"featured_media":0,"parent":0,"menu_order":0,"comment_status":"closed","ping_status":"closed","template":"template-fullwidth.php","meta":{"_acf_changed":false,"footnotes":""},"class_list":["post-43","page","type-page","status-publish","hentry"],"acf":[],"_links":{"self":[{"href":"https:\/\/editora.ufrrj.br\/portal\/wp-json\/wp\/v2\/pages\/43","targetHints":{"allow":["GET"]}}],"collection":[{"href":"https:\/\/editora.ufrrj.br\/portal\/wp-json\/wp\/v2\/pages"}],"about":[{"href":"https:\/\/editora.ufrrj.br\/portal\/wp-json\/wp\/v2\/types\/page"}],"author":[{"embeddable":true,"href":"https:\/\/editora.ufrrj.br\/portal\/wp-json\/wp\/v2\/users\/339"}],"replies":[{"embeddable":true,"href":"https:\/\/editora.ufrrj.br\/portal\/wp-json\/wp\/v2\/comments?post=43"}],"version-history":[{"count":0,"href":"https:\/\/editora.ufrrj.br\/portal\/wp-json\/wp\/v2\/pages\/43\/revisions"}],"wp:attachment":[{"href":"https:\/\/editora.ufrrj.br\/portal\/wp-json\/wp\/v2\/media?parent=43"}],"curies":[{"name":"wp","href":"https:\/\/api.w.org\/{rel}","templated":true}]}}