{"id":39,"date":"2016-03-24T12:37:06","date_gmt":"2016-03-24T12:37:06","guid":{"rendered":"http:\/\/editora.ufrrj.br\/?page_id=39"},"modified":"2016-04-06T12:51:14","modified_gmt":"2016-04-06T12:51:14","slug":"a-editora","status":"publish","type":"page","link":"https:\/\/editora.ufrrj.br\/portal\/a-editora\/","title":{"rendered":"A Editora"},"content":{"rendered":"<p class=\"style7\"><span style=\"color: #000000;\"><span style=\"font-size: 18px;\">A Edur \u2013 Editora da Universidade Federal Rural do Rio de\u00a0Janeiro \u2013, vinculada \u00e0 Pr\u00f3-Reitoria de Pesquisa e P\u00f3s-Gradua\u00e7\u00e3o, foi criada como \u00f3rg\u00e3o suplementar, definido no\u00a0Estatuto da UFRRJ, art. 38, e teve seu regimento aprovado no\u00a0ano de 2006. Seu objetivo \u00e9 dar pleno e total apoio ao\u00a0ensino, \u00e0 pesquisa e \u00e0 extens\u00e3o na Universidade, dentro da\u00a0sua \u00e1rea de atua\u00e7\u00e3o.<\/span><\/span><\/p>\n<p class=\"style7\"><span style=\"color: #000000;\"><span style=\"font-size: 18px;\">Dentre as compet\u00eancias da Editora, de acordo com o seu\u00a0regimento, artigo 3\u00ba, constam:<\/span><\/span><\/p>\n<p class=\"style7\"><span style=\"color: #000000;\"><span style=\"font-size: 18px;\">a) editar, promover e incentivar a edi\u00e7\u00e3o de livros, revistas,\u00a0jornais, boletins, folders, folhetos, estudos, ensaios,\u00a0pesquisas, trabalhos t\u00e9cnico-cient\u00edficos e liter\u00e1rios, teses,\u00a0tradu\u00e7\u00f5es e outros, de acordo com a Pol\u00edtica Editorial;<\/span><\/span><\/p>\n<p class=\"style7\"><span style=\"color: #000000;\"><span style=\"font-size: 18px;\">b) editar ou promover a edi\u00e7\u00e3o de autores nacionais e\u00a0estrangeiros dentro de uma pol\u00edtica de incentivo \u00e0 produ\u00e7\u00e3o\u00a0cultural, principalmente de origem universit\u00e1ria;<\/span><\/span><\/p>\n<p class=\"style7\"><span style=\"color: #000000;\"><span style=\"font-size: 18px;\">c) estimular e apoiar a edi\u00e7\u00e3o de textos (inclusive tradu\u00e7\u00f5es)\u00a0para ensino de 1\u00b0, 2\u00b0 e 3\u00ba graus, principalmente em \u00e1reas\u00a0carentes de textos atualizados;<\/span><\/span><\/p>\n<p class=\"style7\"><span style=\"color: #000000;\"><span style=\"font-size: 18px;\">d) dar apoio t\u00e9cnico \u00e0 publica\u00e7\u00e3o de material de ensino,\u00a0pesquisa e extens\u00e3o da Universidade, e assessorar\u00a0editorialmente, ou prestar servi\u00e7os editoriais, aos demais<br \/>\n\u00f3rg\u00e3os universit\u00e1rios;<\/span><\/span><\/p>\n<p class=\"style7\"><span style=\"color: #000000;\"><span style=\"font-size: 18px;\">e) promover e gerenciar a divulga\u00e7\u00e3o, a distribui\u00e7\u00e3o e a\u00a0comercializa\u00e7\u00e3o de publica\u00e7\u00f5es da UFRRJ.<\/span><\/span><\/p>\n<p class=\"style7\"><span style=\"color: #000080;\"><span style=\"font-size: 18px;\"><strong>Miss\u00e3o<\/strong><\/span><\/span><br \/>\n<span style=\"color: #000000;\"><span style=\"font-size: 18px;\">Preserva\u00e7\u00e3o do pensamento humano.<\/span><\/span><\/p>\n<p class=\"style7\"><span style=\"color: #000080;\"><span style=\"font-size: 18px;\"><strong>Objetivo<\/strong><\/span><\/span><br \/>\n<span style=\"color: #000000;\"><span style=\"font-size: 18px;\">Registro e transmiss\u00e3o do conhecimento produzido pela\u00a0Universidade.<\/span><\/span><\/p>\n<p class=\"style7\"><span style=\"color: #000080;\"><span style=\"font-size: 18px;\"><strong>Compromisso<\/strong><\/span><\/span><br \/>\n<span style=\"color: #000000;\"><span style=\"font-size: 18px;\">Produ\u00e7\u00e3o cient\u00edfica, t\u00e9cnica, filos\u00f3fica e art\u00edstica.<\/span><\/span><\/p>\n<p class=\"style7\"><span style=\"color: #000080;\"><span style=\"font-size: 18px;\"><strong>Perfil Editorial para Livros<\/strong><\/span><\/span><br \/>\n<span style=\"color: #000000;\"><span style=\"font-size: 18px;\">A Edur publica livros em diversas \u00e1reas do conhecimento,\u00a0primordialmente de car\u00e1ter did\u00e1tico-cient\u00edfico ou relacionados\u00a0diretamente \u00e0 hist\u00f3ria da UFRRJ e seu entorno.<\/span><\/span><\/p>\n<p class=\"style7\"><span style=\"color: #000080;\"><strong><span style=\"font-size: 18px;\">S\u00e9ries e Cole\u00e7\u00f5es<\/span><\/strong><\/span><\/p>\n<p class=\"style7\"><span style=\"color: #000000;\"><span style=\"font-size: 18px;\">As obras publicadas pela Edur est\u00e3o contempladas nas seguintes s\u00e9ries:<\/span><\/span><\/p>\n<p class=\"style7\"><span style=\"color: #000000;\"><span style=\"font-size: 18px;\"><strong>&#8211; S\u00e9rie <em>Divulgata<\/em>:<\/strong> a s\u00e9rie Divulgata contempla edi\u00e7\u00f5es em parceria com projetos de fomento \u00e0 pesquisa e divulga\u00e7\u00e3o cient\u00edfica. As obras publicadas nesta s\u00e9rie t\u00eam car\u00e1ter coletivo e s\u00e3o originadas, geralmente, em eventos ocorridos na UFRRJ, sendo publicadas comumente em formato digital, dado seu amplo espectro divulgacional, ou impresso.<\/span><\/span><\/p>\n<p class=\"style7\"><span style=\"color: #000000;\"><span style=\"font-size: 18px;\"><strong>&#8211; S\u00e9rie <em>Instituto Rural<\/em>:<\/strong> a s\u00e9rie Instituto Rural foi pensada para o fomento de obras coletivas organizadas nos institutos, departamentos e\/ou cursos da UFRRJ em parceria com a Edur. O objetivo da s\u00e9rie \u00e9 a difus\u00e3o cient\u00edfica, sendo publicadas vers\u00f5es impressas e em formato digital.<\/span><\/span><\/p>\n<p class=\"style7\"><span style=\"color: #000000;\"><span style=\"font-size: 18px;\"><strong>&#8211; S\u00e9rie <em>Ementa<\/em>:<\/strong> as obras desta s\u00e9rie atendem a demandas de disciplinas ministradas em n\u00edvel de gradua\u00e7\u00e3o na UFRRJ, podendo ser escrita pelo professor da disciplina ou organizada por ele e escrita por diferentes autores.<\/span><\/span><\/p>\n<p class=\"style7\"><span style=\"color: #000000;\"><span style=\"font-size: 18px;\"><strong>&#8211; S\u00e9rie <em>Conceitos<\/em>:<\/strong> esta s\u00e9rie constitui-se de obras impressas em formato de bolso, com n\u00famero reduzido de p\u00e1ginas, tratando de diversos temas de interesse dos cursos da UFRRJ.<\/span><\/span><\/p>\n<p class=\"style7\"><span style=\"color: #000000;\"><span style=\"font-size: 18px;\"><strong>&#8211; S\u00e9rie <em>Rural em foco:<\/em><\/strong> o objetivo desta s\u00e9rie \u00e9 contemplar obras que abordem a UFRRJ em seus mais diversos aspectos.<\/span><\/span><\/p>\n<p class=\"style7\"><span style=\"color: #000000;\"><span style=\"font-size: 18px;\"><strong>&#8211; S\u00e9rie <em>Imaginarium<\/em>:<\/strong> esta s\u00e9rie constitui-se de obras infanto-juvenis produzidas por diferentes autores e ilustradas por alunos do curso de Belas Artes em um projeto de extens\u00e3o desenvolvido junto \u00e0 Edur.<\/span><\/span><\/p>\n<p class=\"style7\"><span style=\"color: #000000;\"><span style=\"font-size: 18px;\"><strong>&#8211; S\u00e9rie <em>Cl\u00e1ssicos<\/em>:<\/strong> esta s\u00e9rie contempla a publica\u00e7\u00e3o\/adapta\u00e7\u00e3o de cl\u00e1ssicos da literatura, prevendo-se a possibilidade de ilustra\u00e7\u00f5es e coment\u00e1rios.<\/span><\/span><\/p>\n<p class=\"style7\"><span style=\"color: #000000;\"><span style=\"font-size: 18px;\"><strong>&#8211; S\u00e9rie <em>Thesis<\/em>:<\/strong> nesta s\u00e9rie encontram-se contempladas obras oriundas de teses e outras pesquisas originais desenvolvidas nas diferentes \u00e1reas do conhecimento e devidamente adaptadas para o formato de livro cient\u00edfico.<\/span><\/span><\/p>\n<p class=\"style7\"><span style=\"color: #000000;\"><span style=\"font-size: 18px;\"><strong>&#8211; S\u00e9rie <em>Traducci\u00f3<\/em>:<\/strong> esta s\u00e9rie prev\u00ea a tradu\u00e7\u00e3o de obras de relev\u00e2ncia em diferentes \u00e1reas do conhecimento que ainda n\u00e3o foram publicadas em portugu\u00eas.<\/span><\/span><\/p>\n","protected":false},"excerpt":{"rendered":"<p>A Edur \u2013 Editora da Universidade Federal Rural do Rio de\u00a0Janeiro \u2013, vinculada \u00e0 Pr\u00f3-Reitoria de Pesquisa e P\u00f3s-Gradua\u00e7\u00e3o, foi criada como \u00f3rg\u00e3o suplementar, definido no\u00a0Estatuto da UFRRJ, art. 38, e teve seu regimento aprovado no\u00a0ano de 2006. Seu objetivo \u00e9 dar pleno e total apoio ao\u00a0ensino, \u00e0 pesquisa e \u00e0 extens\u00e3o na Universidade, dentro [&hellip;]<\/p>\n","protected":false},"author":339,"featured_media":0,"parent":0,"menu_order":0,"comment_status":"closed","ping_status":"closed","template":"","meta":{"_acf_changed":false,"footnotes":""},"class_list":["post-39","page","type-page","status-publish","hentry"],"acf":[],"_links":{"self":[{"href":"https:\/\/editora.ufrrj.br\/portal\/wp-json\/wp\/v2\/pages\/39","targetHints":{"allow":["GET"]}}],"collection":[{"href":"https:\/\/editora.ufrrj.br\/portal\/wp-json\/wp\/v2\/pages"}],"about":[{"href":"https:\/\/editora.ufrrj.br\/portal\/wp-json\/wp\/v2\/types\/page"}],"author":[{"embeddable":true,"href":"https:\/\/editora.ufrrj.br\/portal\/wp-json\/wp\/v2\/users\/339"}],"replies":[{"embeddable":true,"href":"https:\/\/editora.ufrrj.br\/portal\/wp-json\/wp\/v2\/comments?post=39"}],"version-history":[{"count":0,"href":"https:\/\/editora.ufrrj.br\/portal\/wp-json\/wp\/v2\/pages\/39\/revisions"}],"wp:attachment":[{"href":"https:\/\/editora.ufrrj.br\/portal\/wp-json\/wp\/v2\/media?parent=39"}],"curies":[{"name":"wp","href":"https:\/\/api.w.org\/{rel}","templated":true}]}}